{"id":9762,"date":"2019-10-24T17:52:58","date_gmt":"2019-10-24T15:52:58","guid":{"rendered":"https:\/\/www.spiel-des-jahres.de\/?page_id=9762"},"modified":"2020-06-05T14:55:12","modified_gmt":"2020-06-05T12:55:12","slug":"imprint","status":"publish","type":"page","link":"https:\/\/www.spiel-des-jahres.de\/en\/imprint\/","title":{"rendered":"Imprint"},"content":{"rendered":"<h1>Impressum<\/h1>\n<h2>Herausgeber<\/h2>\n<p>Spiel des Jahres e.V.<br \/>\nHeinrich-Hertz-Stra\u00dfe 9<br \/>\n50170 Kerpen<br \/>\nVertreten durch:<br \/>\nHarald Schrapers, Vorsitzender<br \/>\nTim Klein, stv. Vorsitzender<br \/>\nUdo Bartsch, Schatzmeister<\/p>\n<h2>Verantwortlich f\u00fcr den Inhalt<\/h2>\n<p>Guido Heinecke, Gesch\u00e4ftsf\u00fchrer<br \/>\nOberlohnstra\u00dfe 3<br \/>\n78467 Konstanz<\/p>\n<h2>Kontakt<\/h2>\n<p>Telefon: 02273 \/ 95 31 382<br \/>\nTelefax: 02273 \/ 95 31 384<br \/>\nE-Mail: mail (at) spiel-des-jahres.de<\/p>\n<h2>Vereinsregister<\/h2>\n<p>Registergericht: N\u00fcrnberg<br \/>\nRegisternummer: VR 1498<\/p>\n<h2>Bildmaterial<\/h2>\n<p>Copyright Fotos: Spiel des Jahres e. V. und die Verlage f\u00fcr ihre Covershots<\/p>\n<h2>Design, Konzept und Umsetzung<\/h2>\n<p><a href=\"http:\/\/wiebkegeltinger.com\/\">Wiebke Geltinger &#8211; Design &amp; Konzept<\/a><\/p>\n<h3>Streitschlichtung<\/h3>\n<p>Wir sind nicht bereit oder verpflichtet, an Streitbeilegungsverfahren vor einer Verbraucherschlichtungsstelle teilzunehmen.<\/p>\n<h3>Haftung f\u00fcr Inhalte<\/h3>\n<p>Als Diensteanbieter sind wir gem\u00e4\u00df \u00a7 7 Abs.1 TMG f\u00fcr eigene Inhalte auf diesen Seiten nach den allgemeinen Gesetzen verantwortlich. Nach \u00a7\u00a7 8 bis 10 TMG sind wir als Diensteanbieter jedoch nicht verpflichtet, \u00fcbermittelte oder gespeicherte fremde Informationen zu \u00fcberwachen oder nach Umst\u00e4nden zu forschen, die auf eine rechtswidrige T\u00e4tigkeit hinweisen.<br \/>\nVerpflichtungen zur Entfernung oder Sperrung der Nutzung von Informationen nach den allgemeinen Gesetzen bleiben hiervon unber\u00fchrt. Eine diesbez\u00fcgliche Haftung ist jedoch erst ab dem Zeitpunkt der Kenntnis einer konkreten Rechtsverletzung m\u00f6glich. Bei Bekanntwerden von entsprechenden Rechtsverletzungen werden wir diese Inhalte umgehend entfernen.<\/p>\n<h3>Haftung f\u00fcr Links<\/h3>\n<p>Unser Angebot enth\u00e4lt Links zu externen Websites Dritter, auf deren Inhalte wir keinen Einfluss haben. Deshalb k\u00f6nnen wir f\u00fcr diese fremden Inhalte auch keine Gew\u00e4hr \u00fcbernehmen. F\u00fcr die Inhalte der verlinkten Seiten ist stets der jeweilige Anbieter oder Betreiber der Seiten verantwortlich. Die verlinkten Seiten wurden zum Zeitpunkt der Verlinkung auf m\u00f6gliche Rechtsverst\u00f6\u00dfe \u00fcberpr\u00fcft. Rechtswidrige Inhalte waren zum Zeitpunkt der Verlinkung nicht erkennbar.<br \/>\nEine permanente inhaltliche Kontrolle der verlinkten Seiten ist jedoch ohne konkrete Anhaltspunkte einer Rechtsverletzung nicht zumutbar. Bei Bekanntwerden von Rechtsverletzungen werden wir derartige Links umgehend entfernen.<\/p>\n<h3>Urheberrecht<\/h3>\n<p>Die durch die Seitenbetreiber erstellten Inhalte und Werke auf diesen Seiten unterliegen dem deutschen Urheberrecht. Die Vervielf\u00e4ltigung, Bearbeitung, Verbreitung und jede Art der Verwertung au\u00dferhalb der Grenzen des Urheberrechtes bed\u00fcrfen der schriftlichen Zustimmung des jeweiligen Autors bzw. Erstellers. Downloads und Kopien dieser Seite sind nur f\u00fcr den privaten, nicht kommerziellen Gebrauch gestattet.<br \/>\nSoweit die Inhalte auf dieser Seite nicht vom Betreiber erstellt wurden, werden die Urheberrechte Dritter beachtet. Insbesondere werden Inhalte Dritter als solche gekennzeichnet. Sollten Sie trotzdem auf eine Urheberrechtsverletzung aufmerksam werden, bitten wir um einen entsprechenden Hinweis. Bei Bekanntwerden von Rechtsverletzungen werden wir derartige Inhalte umgehend entfernen.<\/p>\n","protected":false},"excerpt":{"rendered":"<p>Impressum Herausgeber Spiel des Jahres e.V. Heinrich-Hertz-Stra\u00dfe 9 50170 Kerpen Vertreten durch: Harald Schrapers, Vorsitzender Tim Klein, stv. Vorsitzender Udo Bartsch, Schatzmeister Verantwortlich f\u00fcr den Inhalt Guido Heinecke, Gesch\u00e4ftsf\u00fchrer Oberlohnstra\u00dfe 3 78467 Konstanz Kontakt Telefon: 02273 \/ 95 31 382 Telefax: 02273 \/ 95 31 384 E-Mail: mail (at) spiel-des-jahres.de Vereinsregister Registergericht: N\u00fcrnberg Registernummer: VR [&hellip;]<\/p>\n","protected":false},"author":2,"featured_media":0,"parent":0,"menu_order":448,"comment_status":"closed","ping_status":"closed","template":"page-templates\/full-width.php","meta":{"_uag_custom_page_level_css":"","site-sidebar-layout":"default","site-content-layout":"","ast-site-content-layout":"default","site-content-style":"default","site-sidebar-style":"default","ast-global-header-display":"","ast-banner-title-visibility":"","ast-main-header-display":"","ast-hfb-above-header-display":"","ast-hfb-below-header-display":"","ast-hfb-mobile-header-display":"","site-post-title":"","ast-breadcrumbs-content":"","ast-featured-img":"","footer-sml-layout":"","ast-disable-related-posts":"","theme-transparent-header-meta":"","adv-header-id-meta":"","stick-header-meta":"","header-above-stick-meta":"","header-main-stick-meta":"","header-below-stick-meta":"","astra-migrate-meta-layouts":"default","ast-page-background-enabled":"default","ast-page-background-meta":{"desktop":{"background-color":"var(--ast-global-color-4)","background-image":"","background-repeat":"repeat","background-position":"center center","background-size":"auto","background-attachment":"scroll","background-type":"","background-media":"","overlay-type":"","overlay-color":"","overlay-opacity":"","overlay-gradient":""},"tablet":{"background-color":"","background-image":"","background-repeat":"repeat","background-position":"center center","background-size":"auto","background-attachment":"scroll","background-type":"","background-media":"","overlay-type":"","overlay-color":"","overlay-opacity":"","overlay-gradient":""},"mobile":{"background-color":"","background-image":"","background-repeat":"repeat","background-position":"center center","background-size":"auto","background-attachment":"scroll","background-type":"","background-media":"","overlay-type":"","overlay-color":"","overlay-opacity":"","overlay-gradient":""}},"ast-content-background-meta":{"desktop":{"background-color":"var(--ast-global-color-5)","background-image":"","background-repeat":"repeat","background-position":"center center","background-size":"auto","background-attachment":"scroll","background-type":"","background-media":"","overlay-type":"","overlay-color":"","overlay-opacity":"","overlay-gradient":""},"tablet":{"background-color":"var(--ast-global-color-5)","background-image":"","background-repeat":"repeat","background-position":"center center","background-size":"auto","background-attachment":"scroll","background-type":"","background-media":"","overlay-type":"","overlay-color":"","overlay-opacity":"","overlay-gradient":""},"mobile":{"background-color":"var(--ast-global-color-5)","background-image":"","background-repeat":"repeat","background-position":"center center","background-size":"auto","background-attachment":"scroll","background-type":"","background-media":"","overlay-type":"","overlay-color":"","overlay-opacity":"","overlay-gradient":""}},"_vp_format_video_url":"","_vp_image_focal_point":[],"footnotes":"","_links_to":"","_links_to_target":""},"categories":[],"class_list":["post-9762","page","type-page","status-publish","hentry"],"yoast_head":"<!-- This site is optimized with the Yoast SEO plugin v27.5 - https:\/\/yoast.com\/product\/yoast-seo-wordpress\/ -->\n<title>Imprint<\/title>\n<meta name=\"robots\" content=\"index, follow, max-snippet:-1, max-image-preview:large, max-video-preview:-1\" \/>\n<link rel=\"canonical\" href=\"https:\/\/www.spiel-des-jahres.de\/en\/imprint\/\" \/>\n<meta property=\"og:locale\" content=\"en_US\" \/>\n<meta property=\"og:type\" content=\"article\" \/>\n<meta property=\"og:title\" content=\"Imprint\" \/>\n<meta property=\"og:description\" content=\"Impressum Herausgeber Spiel des Jahres e.V. Heinrich-Hertz-Stra\u00dfe 9 50170 Kerpen Vertreten durch: Harald Schrapers, Vorsitzender Tim Klein, stv. Vorsitzender Udo Bartsch, Schatzmeister Verantwortlich f\u00fcr den Inhalt Guido Heinecke, Gesch\u00e4ftsf\u00fchrer Oberlohnstra\u00dfe 3 78467 Konstanz Kontakt Telefon: 02273 \/ 95 31 382 Telefax: 02273 \/ 95 31 384 E-Mail: mail (at) spiel-des-jahres.de Vereinsregister Registergericht: N\u00fcrnberg Registernummer: VR [&hellip;]\" \/>\n<meta property=\"og:url\" content=\"https:\/\/www.spiel-des-jahres.de\/en\/imprint\/\" \/>\n<meta property=\"og:site_name\" content=\"Spiel des Jahres\" \/>\n<meta property=\"article:publisher\" content=\"https:\/\/www.facebook.com\/spieldesjahres\/\" \/>\n<meta property=\"article:modified_time\" content=\"2020-06-05T12:55:12+00:00\" \/>\n<meta property=\"og:image\" content=\"https:\/\/www.spiel-des-jahres.de\/wp-content\/uploads\/2024\/06\/sdj_.png\" \/>\n\t<meta property=\"og:image:width\" content=\"1200\" \/>\n\t<meta property=\"og:image:height\" content=\"675\" \/>\n\t<meta property=\"og:image:type\" content=\"image\/png\" \/>\n<meta name=\"twitter:card\" content=\"summary_large_image\" \/>\n<meta name=\"twitter:site\" content=\"@SpieldesJahres\" \/>\n<meta name=\"twitter:label1\" content=\"Est. reading time\" \/>\n\t<meta name=\"twitter:data1\" content=\"2 minutes\" \/>\n<script type=\"application\/ld+json\" class=\"yoast-schema-graph\">{\"@context\":\"https:\\\/\\\/schema.org\",\"@graph\":[{\"@type\":\"WebPage\",\"@id\":\"https:\\\/\\\/www.spiel-des-jahres.de\\\/en\\\/imprint\\\/\",\"url\":\"https:\\\/\\\/www.spiel-des-jahres.de\\\/en\\\/imprint\\\/\",\"name\":\"Imprint\",\"isPartOf\":{\"@id\":\"https:\\\/\\\/www.spiel-des-jahres.de\\\/en\\\/#website\"},\"datePublished\":\"2019-10-24T15:52:58+00:00\",\"dateModified\":\"2020-06-05T12:55:12+00:00\",\"breadcrumb\":{\"@id\":\"https:\\\/\\\/www.spiel-des-jahres.de\\\/en\\\/imprint\\\/#breadcrumb\"},\"inLanguage\":\"en-US\",\"potentialAction\":[{\"@type\":\"ReadAction\",\"target\":[\"https:\\\/\\\/www.spiel-des-jahres.de\\\/en\\\/imprint\\\/\"]}]},{\"@type\":\"BreadcrumbList\",\"@id\":\"https:\\\/\\\/www.spiel-des-jahres.de\\\/en\\\/imprint\\\/#breadcrumb\",\"itemListElement\":[{\"@type\":\"ListItem\",\"position\":1,\"name\":\"Startseite\",\"item\":\"https:\\\/\\\/www.spiel-des-jahres.de\\\/en\\\/spiel-des-jahres-kinderspiel-des-jahres-kennerspiel-des-jahres\\\/\"},{\"@type\":\"ListItem\",\"position\":2,\"name\":\"Imprint\"}]},{\"@type\":\"WebSite\",\"@id\":\"https:\\\/\\\/www.spiel-des-jahres.de\\\/en\\\/#website\",\"url\":\"https:\\\/\\\/www.spiel-des-jahres.de\\\/en\\\/\",\"name\":\"Spiel des Jahres\",\"description\":\"\",\"publisher\":{\"@id\":\"https:\\\/\\\/www.spiel-des-jahres.de\\\/en\\\/#organization\"},\"potentialAction\":[{\"@type\":\"SearchAction\",\"target\":{\"@type\":\"EntryPoint\",\"urlTemplate\":\"https:\\\/\\\/www.spiel-des-jahres.de\\\/en\\\/?s={search_term_string}\"},\"query-input\":{\"@type\":\"PropertyValueSpecification\",\"valueRequired\":true,\"valueName\":\"search_term_string\"}}],\"inLanguage\":\"en-US\"},{\"@type\":\"Organization\",\"@id\":\"https:\\\/\\\/www.spiel-des-jahres.de\\\/en\\\/#organization\",\"name\":\"Spiel des Jahres e.V.\",\"alternateName\":\"Jury Spiel des Jahres\",\"url\":\"https:\\\/\\\/www.spiel-des-jahres.de\\\/en\\\/\",\"logo\":{\"@type\":\"ImageObject\",\"inLanguage\":\"en-US\",\"@id\":\"https:\\\/\\\/www.spiel-des-jahres.de\\\/en\\\/#\\\/schema\\\/logo\\\/image\\\/\",\"url\":\"https:\\\/\\\/www.spiel-des-jahres.de\\\/wp-content\\\/uploads\\\/2024\\\/06\\\/dreierlogoRGB_quadrat_mittelklein.png\",\"contentUrl\":\"https:\\\/\\\/www.spiel-des-jahres.de\\\/wp-content\\\/uploads\\\/2024\\\/06\\\/dreierlogoRGB_quadrat_mittelklein.png\",\"width\":696,\"height\":696,\"caption\":\"Spiel des Jahres e.V.\"},\"image\":{\"@id\":\"https:\\\/\\\/www.spiel-des-jahres.de\\\/en\\\/#\\\/schema\\\/logo\\\/image\\\/\"},\"sameAs\":[\"https:\\\/\\\/www.facebook.com\\\/spieldesjahres\\\/\",\"https:\\\/\\\/x.com\\\/SpieldesJahres\",\"https:\\\/\\\/www.instagram.com\\\/spieldesjahres_official\\\/\",\"https:\\\/\\\/www.youtube.com\\\/@spieldesjahres\",\"https:\\\/\\\/de.wikipedia.org\\\/wiki\\\/Spiel_des_Jahres\",\"https:\\\/\\\/bsky.app\\\/profile\\\/spiel-des-jahres.de\"]}]}<\/script>\n<!-- \/ Yoast SEO plugin. -->","yoast_head_json":{"title":"Imprint","robots":{"index":"index","follow":"follow","max-snippet":"max-snippet:-1","max-image-preview":"max-image-preview:large","max-video-preview":"max-video-preview:-1"},"canonical":"https:\/\/www.spiel-des-jahres.de\/en\/imprint\/","og_locale":"en_US","og_type":"article","og_title":"Imprint","og_description":"Impressum Herausgeber Spiel des Jahres e.V. Heinrich-Hertz-Stra\u00dfe 9 50170 Kerpen Vertreten durch: Harald Schrapers, Vorsitzender Tim Klein, stv. Vorsitzender Udo Bartsch, Schatzmeister Verantwortlich f\u00fcr den Inhalt Guido Heinecke, Gesch\u00e4ftsf\u00fchrer Oberlohnstra\u00dfe 3 78467 Konstanz Kontakt Telefon: 02273 \/ 95 31 382 Telefax: 02273 \/ 95 31 384 E-Mail: mail (at) spiel-des-jahres.de Vereinsregister Registergericht: N\u00fcrnberg Registernummer: VR [&hellip;]","og_url":"https:\/\/www.spiel-des-jahres.de\/en\/imprint\/","og_site_name":"Spiel des Jahres","article_publisher":"https:\/\/www.facebook.com\/spieldesjahres\/","article_modified_time":"2020-06-05T12:55:12+00:00","og_image":[{"width":1200,"height":675,"url":"https:\/\/www.spiel-des-jahres.de\/wp-content\/uploads\/2024\/06\/sdj_.png","type":"image\/png"}],"twitter_card":"summary_large_image","twitter_site":"@SpieldesJahres","twitter_misc":{"Est. reading time":"2 minutes"},"schema":{"@context":"https:\/\/schema.org","@graph":[{"@type":"WebPage","@id":"https:\/\/www.spiel-des-jahres.de\/en\/imprint\/","url":"https:\/\/www.spiel-des-jahres.de\/en\/imprint\/","name":"Imprint","isPartOf":{"@id":"https:\/\/www.spiel-des-jahres.de\/en\/#website"},"datePublished":"2019-10-24T15:52:58+00:00","dateModified":"2020-06-05T12:55:12+00:00","breadcrumb":{"@id":"https:\/\/www.spiel-des-jahres.de\/en\/imprint\/#breadcrumb"},"inLanguage":"en-US","potentialAction":[{"@type":"ReadAction","target":["https:\/\/www.spiel-des-jahres.de\/en\/imprint\/"]}]},{"@type":"BreadcrumbList","@id":"https:\/\/www.spiel-des-jahres.de\/en\/imprint\/#breadcrumb","itemListElement":[{"@type":"ListItem","position":1,"name":"Startseite","item":"https:\/\/www.spiel-des-jahres.de\/en\/spiel-des-jahres-kinderspiel-des-jahres-kennerspiel-des-jahres\/"},{"@type":"ListItem","position":2,"name":"Imprint"}]},{"@type":"WebSite","@id":"https:\/\/www.spiel-des-jahres.de\/en\/#website","url":"https:\/\/www.spiel-des-jahres.de\/en\/","name":"Spiel des Jahres","description":"","publisher":{"@id":"https:\/\/www.spiel-des-jahres.de\/en\/#organization"},"potentialAction":[{"@type":"SearchAction","target":{"@type":"EntryPoint","urlTemplate":"https:\/\/www.spiel-des-jahres.de\/en\/?s={search_term_string}"},"query-input":{"@type":"PropertyValueSpecification","valueRequired":true,"valueName":"search_term_string"}}],"inLanguage":"en-US"},{"@type":"Organization","@id":"https:\/\/www.spiel-des-jahres.de\/en\/#organization","name":"Spiel des Jahres e.V.","alternateName":"Jury Spiel des Jahres","url":"https:\/\/www.spiel-des-jahres.de\/en\/","logo":{"@type":"ImageObject","inLanguage":"en-US","@id":"https:\/\/www.spiel-des-jahres.de\/en\/#\/schema\/logo\/image\/","url":"https:\/\/www.spiel-des-jahres.de\/wp-content\/uploads\/2024\/06\/dreierlogoRGB_quadrat_mittelklein.png","contentUrl":"https:\/\/www.spiel-des-jahres.de\/wp-content\/uploads\/2024\/06\/dreierlogoRGB_quadrat_mittelklein.png","width":696,"height":696,"caption":"Spiel des Jahres e.V."},"image":{"@id":"https:\/\/www.spiel-des-jahres.de\/en\/#\/schema\/logo\/image\/"},"sameAs":["https:\/\/www.facebook.com\/spieldesjahres\/","https:\/\/x.com\/SpieldesJahres","https:\/\/www.instagram.com\/spieldesjahres_official\/","https:\/\/www.youtube.com\/@spieldesjahres","https:\/\/de.wikipedia.org\/wiki\/Spiel_des_Jahres","https:\/\/bsky.app\/profile\/spiel-des-jahres.de"]}]}},"spectra_custom_meta":{"_wpml_word_count":["{\"total\":388,\"to_translate\":{\"de\":388}}"],"_edit_lock":["1591361572:3"],"_edit_last":["3"],"_wpml_media_duplicate":["0"],"_wpml_media_featured":["0"],"_wp_page_template":["page-templates\/full-width.php"],"_last_translation_edit_mode":["native-editor"],"_yoast_wpseo_content_score":["60"],"_alp_processed":["1573552596"],"_uag_css_file_name":["uag-css-9762.css"]},"uagb_featured_image_src":{"full":false,"thumbnail":false,"medium":false,"medium_large":false,"large":false,"1536x1536":false,"2048x2048":false,"vp_sm":false,"vp_md":false,"vp_lg":false,"vp_xl":false,"vp_sm_popup":false,"vp_md_popup":false,"vp_xl_popup":false},"uagb_author_info":{"display_name":"Guido Heinecke","author_link":"#"},"uagb_comment_info":0,"uagb_excerpt":"Impressum Herausgeber Spiel des Jahres e.V. Heinrich-Hertz-Stra\u00dfe 9 50170 Kerpen Vertreten durch: Harald Schrapers, Vorsitzender Tim Klein, stv. Vorsitzender Udo Bartsch, Schatzmeister Verantwortlich f\u00fcr den Inhalt Guido Heinecke, Gesch\u00e4ftsf\u00fchrer Oberlohnstra\u00dfe 3 78467 Konstanz Kontakt Telefon: 02273 \/ 95 31 382 Telefax: 02273 \/ 95 31 384 E-Mail: mail (at) spiel-des-jahres.de Vereinsregister Registergericht: N\u00fcrnberg Registernummer: VR&hellip;","_links":{"self":[{"href":"https:\/\/www.spiel-des-jahres.de\/en\/wp-json\/wp\/v2\/pages\/9762","targetHints":{"allow":["GET"]}}],"collection":[{"href":"https:\/\/www.spiel-des-jahres.de\/en\/wp-json\/wp\/v2\/pages"}],"about":[{"href":"https:\/\/www.spiel-des-jahres.de\/en\/wp-json\/wp\/v2\/types\/page"}],"author":[{"embeddable":true,"href":"https:\/\/www.spiel-des-jahres.de\/en\/wp-json\/wp\/v2\/users\/2"}],"replies":[{"embeddable":true,"href":"https:\/\/www.spiel-des-jahres.de\/en\/wp-json\/wp\/v2\/comments?post=9762"}],"version-history":[{"count":2,"href":"https:\/\/www.spiel-des-jahres.de\/en\/wp-json\/wp\/v2\/pages\/9762\/revisions"}],"predecessor-version":[{"id":14047,"href":"https:\/\/www.spiel-des-jahres.de\/en\/wp-json\/wp\/v2\/pages\/9762\/revisions\/14047"}],"wp:attachment":[{"href":"https:\/\/www.spiel-des-jahres.de\/en\/wp-json\/wp\/v2\/media?parent=9762"}],"wp:term":[{"taxonomy":"category","embeddable":true,"href":"https:\/\/www.spiel-des-jahres.de\/en\/wp-json\/wp\/v2\/categories?post=9762"}],"curies":[{"name":"wp","href":"https:\/\/api.w.org\/{rel}","templated":true}]}}