{"id":9735,"date":"2019-10-24T17:10:16","date_gmt":"2019-10-24T15:10:16","guid":{"rendered":"https:\/\/www.spiel-des-jahres.de\/?page_id=9735"},"modified":"2024-08-06T12:59:50","modified_gmt":"2024-08-06T10:59:50","slug":"christoph-schlewinski","status":"publish","type":"page","link":"https:\/\/www.spiel-des-jahres.de\/en\/the-jury\/christoph-schlewinski\/","title":{"rendered":"Christoph Schlewinski"},"content":{"rendered":"<h1>Christoph Schlewinski<\/h1>\n<p><strong>Vice Chairman Spiel des Jahres<\/strong><\/p>\n<p><img loading=\"lazy\" decoding=\"async\" class=\".rechts { float: right; margin-left: 10px; } wp-image-750 size-full alignright\" src=\"https:\/\/www.spiel-des-jahres.de\/wp-content\/uploads\/2023\/08\/schlewinski_.jpg\" alt=\"\" width=\"380\" height=\"380\" \/><\/p>\n<p>For Christoph Schlewinski, born in 1973, a life without games is hard to imagine.<\/p>\n<p>In the games library at Marl, he spent eleven years showing children and young people how much more entertaining and friendlier it is to play with others. Once this seed of gaming had been planted, it blossomed. Those children grew up to have children of their own and to play games with them. A lot of games.<\/p>\n<p>Today, Schlewinski lives in Cologne and works as script writer reviewer for the &#8220;spielbox&#8221;, the &#8220;Spiel doch!&#8221;\u00a0and the &#8220;Spielerei&#8221; magazine &#8211;\u00a0and is 50 per cent of the cabaret duo \u201cFu\u00dfpflege Deluxe\u201d. Since board games take up more space relatively than CDs, DVDs or small crystal animals, he has been trying for years to reduce his games collection and to create more storage space. Without much success.<\/p>\n<p>Schlewinski is active in several games clubs, has founded numerous private gaming groups and still manages to convince people who find board games \u201creally stupid\u201d that the opposite is true.<\/p>\n<p>He always especially pleased about his work in the \u201cKinderspiel des Jahres\u201d jury, because it allows him to help bring families and children together around the gaming table. Because is there anything better than a good games evening? Perhaps\u2026 but it\u2019s hard to imagine.<\/p>\n<div class=\"two-columns-one\">\n<p><strong>Address<\/strong><br \/>\nHacket\u00e4uerstra\u00dfe 32, D-51063 K\u00f6ln<br \/>\n<strong>Telephone<\/strong><br \/>\n+49 (0) 221 922 4778<br \/>\n<strong>E-Mail<\/strong><br \/>\n<a href=\"mailto:christoph.schlewinski@gmail.com\" target=\"_blank\" rel=\"noopener noreferrer\">christoph.schlewinski@gmail.com<\/a><br \/>\n<\/div>\n<div class=\"two-columns-one last\">\n<p style=\"text-align: right;\"><a class=\"standard-btn grey-btn round-btn bold-btn\" href=\"https:\/\/www.spiel-des-jahres.de\/wp-content\/uploads\/2020\/06\/Schlewinski_hi-scaled.jpg\"><span>highres portrait<br \/>\n<\/span><\/a><\/p>\n<\/div>\n<div class=\"divider\"><\/div>\n","protected":false},"excerpt":{"rendered":"<p>Christoph Schlewinski Vice Chairman Spiel des Jahres For Christoph Schlewinski, born in 1973, a life without games is hard to imagine. In the games library at Marl, he spent eleven years showing children and young people how much more entertaining and friendlier it is to play with others. Once this seed of gaming had been [&hellip;]<\/p>\n","protected":false},"author":2,"featured_media":0,"parent":9674,"menu_order":437,"comment_status":"closed","ping_status":"closed","template":"page-templates\/full-width.php","meta":{"_uag_custom_page_level_css":"","site-sidebar-layout":"default","site-content-layout":"","ast-site-content-layout":"default","site-content-style":"default","site-sidebar-style":"default","ast-global-header-display":"","ast-banner-title-visibility":"","ast-main-header-display":"","ast-hfb-above-header-display":"","ast-hfb-below-header-display":"","ast-hfb-mobile-header-display":"","site-post-title":"","ast-breadcrumbs-content":"","ast-featured-img":"","footer-sml-layout":"","ast-disable-related-posts":"","theme-transparent-header-meta":"","adv-header-id-meta":"","stick-header-meta":"","header-above-stick-meta":"","header-main-stick-meta":"","header-below-stick-meta":"","astra-migrate-meta-layouts":"default","ast-page-background-enabled":"default","ast-page-background-meta":{"desktop":{"background-color":"var(--ast-global-color-4)","background-image":"","background-repeat":"repeat","background-position":"center center","background-size":"auto","background-attachment":"scroll","background-type":"","background-media":"","overlay-type":"","overlay-color":"","overlay-opacity":"","overlay-gradient":""},"tablet":{"background-color":"","background-image":"","background-repeat":"repeat","background-position":"center center","background-size":"auto","background-attachment":"scroll","background-type":"","background-media":"","overlay-type":"","overlay-color":"","overlay-opacity":"","overlay-gradient":""},"mobile":{"background-color":"","background-image":"","background-repeat":"repeat","background-position":"center center","background-size":"auto","background-attachment":"scroll","background-type":"","background-media":"","overlay-type":"","overlay-color":"","overlay-opacity":"","overlay-gradient":""}},"ast-content-background-meta":{"desktop":{"background-color":"var(--ast-global-color-5)","background-image":"","background-repeat":"repeat","background-position":"center center","background-size":"auto","background-attachment":"scroll","background-type":"","background-media":"","overlay-type":"","overlay-color":"","overlay-opacity":"","overlay-gradient":""},"tablet":{"background-color":"var(--ast-global-color-5)","background-image":"","background-repeat":"repeat","background-position":"center center","background-size":"auto","background-attachment":"scroll","background-type":"","background-media":"","overlay-type":"","overlay-color":"","overlay-opacity":"","overlay-gradient":""},"mobile":{"background-color":"var(--ast-global-color-5)","background-image":"","background-repeat":"repeat","background-position":"center center","background-size":"auto","background-attachment":"scroll","background-type":"","background-media":"","overlay-type":"","overlay-color":"","overlay-opacity":"","overlay-gradient":""}},"_vp_format_video_url":"","_vp_image_focal_point":[],"footnotes":"","_links_to":"","_links_to_target":""},"categories":[],"class_list":["post-9735","page","type-page","status-publish","hentry"],"yoast_head":"<!-- This site is optimized with the Yoast SEO plugin v27.5 - https:\/\/yoast.com\/product\/yoast-seo-wordpress\/ -->\n<title>Christoph Schlewinski<\/title>\n<meta name=\"robots\" content=\"index, follow, max-snippet:-1, max-image-preview:large, max-video-preview:-1\" \/>\n<link rel=\"canonical\" href=\"https:\/\/www.spiel-des-jahres.de\/en\/the-jury\/christoph-schlewinski\/\" \/>\n<meta property=\"og:locale\" content=\"en_US\" \/>\n<meta property=\"og:type\" content=\"article\" \/>\n<meta property=\"og:title\" content=\"Christoph Schlewinski\" \/>\n<meta property=\"og:description\" content=\"Christoph Schlewinski Vice Chairman Spiel des Jahres For Christoph Schlewinski, born in 1973, a life without games is hard to imagine. In the games library at Marl, he spent eleven years showing children and young people how much more entertaining and friendlier it is to play with others. Once this seed of gaming had been [&hellip;]\" \/>\n<meta property=\"og:url\" content=\"https:\/\/www.spiel-des-jahres.de\/en\/the-jury\/christoph-schlewinski\/\" \/>\n<meta property=\"og:site_name\" content=\"Spiel des Jahres\" \/>\n<meta property=\"article:publisher\" content=\"https:\/\/www.facebook.com\/spieldesjahres\/\" \/>\n<meta property=\"article:modified_time\" content=\"2024-08-06T10:59:50+00:00\" \/>\n<meta property=\"og:image\" content=\"https:\/\/www.spiel-des-jahres.de\/wp-content\/uploads\/2023\/08\/schlewinski_.jpg\" \/>\n<meta name=\"twitter:card\" content=\"summary_large_image\" \/>\n<meta name=\"twitter:site\" content=\"@SpieldesJahres\" \/>\n<meta name=\"twitter:label1\" content=\"Est. reading time\" \/>\n\t<meta name=\"twitter:data1\" content=\"2 minutes\" \/>\n<script type=\"application\/ld+json\" class=\"yoast-schema-graph\">{\"@context\":\"https:\\\/\\\/schema.org\",\"@graph\":[{\"@type\":\"WebPage\",\"@id\":\"https:\\\/\\\/www.spiel-des-jahres.de\\\/en\\\/the-jury\\\/christoph-schlewinski\\\/\",\"url\":\"https:\\\/\\\/www.spiel-des-jahres.de\\\/en\\\/the-jury\\\/christoph-schlewinski\\\/\",\"name\":\"Christoph Schlewinski\",\"isPartOf\":{\"@id\":\"https:\\\/\\\/www.spiel-des-jahres.de\\\/en\\\/#website\"},\"primaryImageOfPage\":{\"@id\":\"https:\\\/\\\/www.spiel-des-jahres.de\\\/en\\\/the-jury\\\/christoph-schlewinski\\\/#primaryimage\"},\"image\":{\"@id\":\"https:\\\/\\\/www.spiel-des-jahres.de\\\/en\\\/the-jury\\\/christoph-schlewinski\\\/#primaryimage\"},\"thumbnailUrl\":\"https:\\\/\\\/www.spiel-des-jahres.de\\\/wp-content\\\/uploads\\\/2023\\\/08\\\/schlewinski_.jpg\",\"datePublished\":\"2019-10-24T15:10:16+00:00\",\"dateModified\":\"2024-08-06T10:59:50+00:00\",\"breadcrumb\":{\"@id\":\"https:\\\/\\\/www.spiel-des-jahres.de\\\/en\\\/the-jury\\\/christoph-schlewinski\\\/#breadcrumb\"},\"inLanguage\":\"en-US\",\"potentialAction\":[{\"@type\":\"ReadAction\",\"target\":[\"https:\\\/\\\/www.spiel-des-jahres.de\\\/en\\\/the-jury\\\/christoph-schlewinski\\\/\"]}]},{\"@type\":\"ImageObject\",\"inLanguage\":\"en-US\",\"@id\":\"https:\\\/\\\/www.spiel-des-jahres.de\\\/en\\\/the-jury\\\/christoph-schlewinski\\\/#primaryimage\",\"url\":\"https:\\\/\\\/www.spiel-des-jahres.de\\\/wp-content\\\/uploads\\\/2023\\\/08\\\/schlewinski_.jpg\",\"contentUrl\":\"https:\\\/\\\/www.spiel-des-jahres.de\\\/wp-content\\\/uploads\\\/2023\\\/08\\\/schlewinski_.jpg\"},{\"@type\":\"BreadcrumbList\",\"@id\":\"https:\\\/\\\/www.spiel-des-jahres.de\\\/en\\\/the-jury\\\/christoph-schlewinski\\\/#breadcrumb\",\"itemListElement\":[{\"@type\":\"ListItem\",\"position\":1,\"name\":\"Startseite\",\"item\":\"https:\\\/\\\/www.spiel-des-jahres.de\\\/en\\\/spiel-des-jahres-kinderspiel-des-jahres-kennerspiel-des-jahres\\\/\"},{\"@type\":\"ListItem\",\"position\":2,\"name\":\"The jury\",\"item\":\"https:\\\/\\\/www.spiel-des-jahres.de\\\/en\\\/the-jury\\\/\"},{\"@type\":\"ListItem\",\"position\":3,\"name\":\"Christoph Schlewinski\"}]},{\"@type\":\"WebSite\",\"@id\":\"https:\\\/\\\/www.spiel-des-jahres.de\\\/en\\\/#website\",\"url\":\"https:\\\/\\\/www.spiel-des-jahres.de\\\/en\\\/\",\"name\":\"Spiel des Jahres\",\"description\":\"\",\"publisher\":{\"@id\":\"https:\\\/\\\/www.spiel-des-jahres.de\\\/en\\\/#organization\"},\"potentialAction\":[{\"@type\":\"SearchAction\",\"target\":{\"@type\":\"EntryPoint\",\"urlTemplate\":\"https:\\\/\\\/www.spiel-des-jahres.de\\\/en\\\/?s={search_term_string}\"},\"query-input\":{\"@type\":\"PropertyValueSpecification\",\"valueRequired\":true,\"valueName\":\"search_term_string\"}}],\"inLanguage\":\"en-US\"},{\"@type\":\"Organization\",\"@id\":\"https:\\\/\\\/www.spiel-des-jahres.de\\\/en\\\/#organization\",\"name\":\"Spiel des Jahres e.V.\",\"alternateName\":\"Jury Spiel des Jahres\",\"url\":\"https:\\\/\\\/www.spiel-des-jahres.de\\\/en\\\/\",\"logo\":{\"@type\":\"ImageObject\",\"inLanguage\":\"en-US\",\"@id\":\"https:\\\/\\\/www.spiel-des-jahres.de\\\/en\\\/#\\\/schema\\\/logo\\\/image\\\/\",\"url\":\"https:\\\/\\\/www.spiel-des-jahres.de\\\/wp-content\\\/uploads\\\/2024\\\/06\\\/dreierlogoRGB_quadrat_mittelklein.png\",\"contentUrl\":\"https:\\\/\\\/www.spiel-des-jahres.de\\\/wp-content\\\/uploads\\\/2024\\\/06\\\/dreierlogoRGB_quadrat_mittelklein.png\",\"width\":696,\"height\":696,\"caption\":\"Spiel des Jahres e.V.\"},\"image\":{\"@id\":\"https:\\\/\\\/www.spiel-des-jahres.de\\\/en\\\/#\\\/schema\\\/logo\\\/image\\\/\"},\"sameAs\":[\"https:\\\/\\\/www.facebook.com\\\/spieldesjahres\\\/\",\"https:\\\/\\\/x.com\\\/SpieldesJahres\",\"https:\\\/\\\/www.instagram.com\\\/spieldesjahres_official\\\/\",\"https:\\\/\\\/www.youtube.com\\\/@spieldesjahres\",\"https:\\\/\\\/de.wikipedia.org\\\/wiki\\\/Spiel_des_Jahres\",\"https:\\\/\\\/bsky.app\\\/profile\\\/spiel-des-jahres.de\"]}]}<\/script>\n<!-- \/ Yoast SEO plugin. -->","yoast_head_json":{"title":"Christoph Schlewinski","robots":{"index":"index","follow":"follow","max-snippet":"max-snippet:-1","max-image-preview":"max-image-preview:large","max-video-preview":"max-video-preview:-1"},"canonical":"https:\/\/www.spiel-des-jahres.de\/en\/the-jury\/christoph-schlewinski\/","og_locale":"en_US","og_type":"article","og_title":"Christoph Schlewinski","og_description":"Christoph Schlewinski Vice Chairman Spiel des Jahres For Christoph Schlewinski, born in 1973, a life without games is hard to imagine. In the games library at Marl, he spent eleven years showing children and young people how much more entertaining and friendlier it is to play with others. Once this seed of gaming had been [&hellip;]","og_url":"https:\/\/www.spiel-des-jahres.de\/en\/the-jury\/christoph-schlewinski\/","og_site_name":"Spiel des Jahres","article_publisher":"https:\/\/www.facebook.com\/spieldesjahres\/","article_modified_time":"2024-08-06T10:59:50+00:00","og_image":[{"url":"https:\/\/www.spiel-des-jahres.de\/wp-content\/uploads\/2023\/08\/schlewinski_.jpg","type":"","width":"","height":""}],"twitter_card":"summary_large_image","twitter_site":"@SpieldesJahres","twitter_misc":{"Est. reading time":"2 minutes"},"schema":{"@context":"https:\/\/schema.org","@graph":[{"@type":"WebPage","@id":"https:\/\/www.spiel-des-jahres.de\/en\/the-jury\/christoph-schlewinski\/","url":"https:\/\/www.spiel-des-jahres.de\/en\/the-jury\/christoph-schlewinski\/","name":"Christoph Schlewinski","isPartOf":{"@id":"https:\/\/www.spiel-des-jahres.de\/en\/#website"},"primaryImageOfPage":{"@id":"https:\/\/www.spiel-des-jahres.de\/en\/the-jury\/christoph-schlewinski\/#primaryimage"},"image":{"@id":"https:\/\/www.spiel-des-jahres.de\/en\/the-jury\/christoph-schlewinski\/#primaryimage"},"thumbnailUrl":"https:\/\/www.spiel-des-jahres.de\/wp-content\/uploads\/2023\/08\/schlewinski_.jpg","datePublished":"2019-10-24T15:10:16+00:00","dateModified":"2024-08-06T10:59:50+00:00","breadcrumb":{"@id":"https:\/\/www.spiel-des-jahres.de\/en\/the-jury\/christoph-schlewinski\/#breadcrumb"},"inLanguage":"en-US","potentialAction":[{"@type":"ReadAction","target":["https:\/\/www.spiel-des-jahres.de\/en\/the-jury\/christoph-schlewinski\/"]}]},{"@type":"ImageObject","inLanguage":"en-US","@id":"https:\/\/www.spiel-des-jahres.de\/en\/the-jury\/christoph-schlewinski\/#primaryimage","url":"https:\/\/www.spiel-des-jahres.de\/wp-content\/uploads\/2023\/08\/schlewinski_.jpg","contentUrl":"https:\/\/www.spiel-des-jahres.de\/wp-content\/uploads\/2023\/08\/schlewinski_.jpg"},{"@type":"BreadcrumbList","@id":"https:\/\/www.spiel-des-jahres.de\/en\/the-jury\/christoph-schlewinski\/#breadcrumb","itemListElement":[{"@type":"ListItem","position":1,"name":"Startseite","item":"https:\/\/www.spiel-des-jahres.de\/en\/spiel-des-jahres-kinderspiel-des-jahres-kennerspiel-des-jahres\/"},{"@type":"ListItem","position":2,"name":"The jury","item":"https:\/\/www.spiel-des-jahres.de\/en\/the-jury\/"},{"@type":"ListItem","position":3,"name":"Christoph Schlewinski"}]},{"@type":"WebSite","@id":"https:\/\/www.spiel-des-jahres.de\/en\/#website","url":"https:\/\/www.spiel-des-jahres.de\/en\/","name":"Spiel des Jahres","description":"","publisher":{"@id":"https:\/\/www.spiel-des-jahres.de\/en\/#organization"},"potentialAction":[{"@type":"SearchAction","target":{"@type":"EntryPoint","urlTemplate":"https:\/\/www.spiel-des-jahres.de\/en\/?s={search_term_string}"},"query-input":{"@type":"PropertyValueSpecification","valueRequired":true,"valueName":"search_term_string"}}],"inLanguage":"en-US"},{"@type":"Organization","@id":"https:\/\/www.spiel-des-jahres.de\/en\/#organization","name":"Spiel des Jahres e.V.","alternateName":"Jury Spiel des Jahres","url":"https:\/\/www.spiel-des-jahres.de\/en\/","logo":{"@type":"ImageObject","inLanguage":"en-US","@id":"https:\/\/www.spiel-des-jahres.de\/en\/#\/schema\/logo\/image\/","url":"https:\/\/www.spiel-des-jahres.de\/wp-content\/uploads\/2024\/06\/dreierlogoRGB_quadrat_mittelklein.png","contentUrl":"https:\/\/www.spiel-des-jahres.de\/wp-content\/uploads\/2024\/06\/dreierlogoRGB_quadrat_mittelklein.png","width":696,"height":696,"caption":"Spiel des Jahres e.V."},"image":{"@id":"https:\/\/www.spiel-des-jahres.de\/en\/#\/schema\/logo\/image\/"},"sameAs":["https:\/\/www.facebook.com\/spieldesjahres\/","https:\/\/x.com\/SpieldesJahres","https:\/\/www.instagram.com\/spieldesjahres_official\/","https:\/\/www.youtube.com\/@spieldesjahres","https:\/\/de.wikipedia.org\/wiki\/Spiel_des_Jahres","https:\/\/bsky.app\/profile\/spiel-des-jahres.de"]}]}},"spectra_custom_meta":{"_wpml_word_count":["{\"total\":234,\"to_translate\":{\"de\":234}}"],"_edit_lock":["1722941854:2"],"_edit_last":["2"],"_wp_page_template":["page-templates\/full-width.php"],"_wpml_media_has_media":["1"],"_yoast_wpseo_content_score":["90"],"_last_translation_edit_mode":["native-editor"],"_alp_processed":["1573552140"],"_wpml_media_duplicate":["0"],"_wpml_media_featured":["0"],"_top_nav_excluded":[""],"_cms_nav_minihome":[""],"_yoast_wpseo_estimated-reading-time-minutes":["2"],"_uag_css_file_name":["uag-css-9735.css"],"_uag_page_assets":["a:9:{s:3:\"css\";s:0:\"\";s:2:\"js\";s:0:\"\";s:18:\"current_block_list\";a:5:{i:0;s:10:\"core\/image\";i:1;s:10:\"core\/cover\";i:2;s:14:\"core\/paragraph\";i:3;s:29:\"feedzy-rss-feeds\/feedzy-block\";i:4;s:14:\"core\/shortcode\";}s:8:\"uag_flag\";b:0;s:11:\"uag_version\";s:10:\"1777538886\";s:6:\"gfonts\";a:0:{}s:10:\"gfonts_url\";s:0:\"\";s:12:\"gfonts_files\";a:0:{}s:14:\"uag_faq_layout\";b:0;}"]},"uagb_featured_image_src":{"full":false,"thumbnail":false,"medium":false,"medium_large":false,"large":false,"1536x1536":false,"2048x2048":false,"vp_sm":false,"vp_md":false,"vp_lg":false,"vp_xl":false,"vp_sm_popup":false,"vp_md_popup":false,"vp_xl_popup":false},"uagb_author_info":{"display_name":"Guido Heinecke","author_link":"#"},"uagb_comment_info":0,"uagb_excerpt":"Christoph Schlewinski Vice Chairman Spiel des Jahres For Christoph Schlewinski, born in 1973, a life without games is hard to imagine. In the games library at Marl, he spent eleven years showing children and young people how much more entertaining and friendlier it is to play with others. Once this seed of gaming had been&hellip;","_links":{"self":[{"href":"https:\/\/www.spiel-des-jahres.de\/en\/wp-json\/wp\/v2\/pages\/9735","targetHints":{"allow":["GET"]}}],"collection":[{"href":"https:\/\/www.spiel-des-jahres.de\/en\/wp-json\/wp\/v2\/pages"}],"about":[{"href":"https:\/\/www.spiel-des-jahres.de\/en\/wp-json\/wp\/v2\/types\/page"}],"author":[{"embeddable":true,"href":"https:\/\/www.spiel-des-jahres.de\/en\/wp-json\/wp\/v2\/users\/2"}],"replies":[{"embeddable":true,"href":"https:\/\/www.spiel-des-jahres.de\/en\/wp-json\/wp\/v2\/comments?post=9735"}],"version-history":[{"count":6,"href":"https:\/\/www.spiel-des-jahres.de\/en\/wp-json\/wp\/v2\/pages\/9735\/revisions"}],"predecessor-version":[{"id":28526,"href":"https:\/\/www.spiel-des-jahres.de\/en\/wp-json\/wp\/v2\/pages\/9735\/revisions\/28526"}],"up":[{"embeddable":true,"href":"https:\/\/www.spiel-des-jahres.de\/en\/wp-json\/wp\/v2\/pages\/9674"}],"wp:attachment":[{"href":"https:\/\/www.spiel-des-jahres.de\/en\/wp-json\/wp\/v2\/media?parent=9735"}],"wp:term":[{"taxonomy":"category","embeddable":true,"href":"https:\/\/www.spiel-des-jahres.de\/en\/wp-json\/wp\/v2\/categories?post=9735"}],"curies":[{"name":"wp","href":"https:\/\/api.w.org\/{rel}","templated":true}]}}