{"id":24896,"date":"2023-08-01T10:44:34","date_gmt":"2023-08-01T08:44:34","guid":{"rendered":"https:\/\/www.spiel-des-jahres.de\/the-jury\/tobias-franke\/"},"modified":"2023-08-01T13:26:27","modified_gmt":"2023-08-01T11:26:27","slug":"tobias-franke","status":"publish","type":"page","link":"https:\/\/www.spiel-des-jahres.de\/en\/the-jury\/tobias-franke\/","title":{"rendered":"Tobias Franke"},"content":{"rendered":"<h1>Tobias Franke<\/h1>\n<p><img loading=\"lazy\" decoding=\"async\" class=\".rechts { float: right; margin-left: 10px; } alignright wp-image-24824 size-full\" src=\"https:\/\/www.spiel-des-jahres.de\/wp-content\/uploads\/2023\/07\/frankepv2023.jpg\" alt=\"\" width=\"380\" height=\"380\" srcset=\"https:\/\/www.spiel-des-jahres.de\/wp-content\/uploads\/2023\/07\/frankepv2023.jpg 380w, https:\/\/www.spiel-des-jahres.de\/wp-content\/uploads\/2023\/07\/frankepv2023-300x300.jpg 300w, https:\/\/www.spiel-des-jahres.de\/wp-content\/uploads\/2023\/07\/frankepv2023-150x150.jpg 150w\" sizes=\"auto, (max-width: 380px) 100vw, 380px\" \/><\/p>\n<p>The father of two saw the light of day in Mainz in 1977, only to make his home in Wiesbaden for the next 25 years just days later. Already as a child he lived out his play instinct: almost always with his friends outside, the remaining hours had to be filled alone, for which the few board games in the household had to be used early on, playing solo with several hands.<\/p>\n<p>In school and study the playful cosmos was then extended by all facets. Thanks to the board game evenings of the local specialized trade, the newest board games were explored as well as the (card game) classics. By entering the working life as a traffic engineer and moving to Darmstadt, the immersion into the very active board game scene there took place. Playing games became a time-filling hobby &#8211; even though Tobias can still be found in various handball halls on weekends.<\/p>\n<p>During his studies Tobias Franke was responsible for the website of the student council as a student assistant. In order to deepen the knowledge he gained, he also ran his own small website, which mainly collected interesting facts about the wolverine &#8211; which also explains the very unique domain name www.fjelfras.de. This domain was reactivated in 2016 as a private blog, with the content focusing quite quickly on board game topics. Since 2023, Tobias Franke has been running the board game podcast &#8220;Cocktails for Meeples&#8221; together with Jenny Konrad.<\/p>\n<div class=\"two-columns-one\">\n<div id='franke' class='widgets_on_page wop_tiny1  wop_small1  wop_medium1  wop_large1  wop_wide1'>\n\t\t\t<ul><li id=\"block-10\" class=\"widget widget_block\"><div class=\"feedzy-74e51a4977745518cbd9b43cc3c838c4 feedzy-rss\"><div class=\"rss_header\"><h2><a href=\"https:\/\/www.fjelfras.de\/wordpress\/blog\/thema\/brettspiele\/\" class=\"rss_title\" rel=\"noopener\">Brettspiele Archive | fjelfras.de<\/a> <span class=\"rss_description\"> Brettspielblog mit Biss<\/span><\/h2><\/div><ul><li  style=\"padding: 15px 0 25px\" class=\"rss_item\"><div class=\"rss_image\" style=\"height:150px;width:150px;\"><a href=\"https:\/\/www.fjelfras.de\/wordpress\/blog\/brettspiele\/mitarbeiter-des-monats-heinz\/\" target=\"_blank\" rel=\" noopener\" title=\"Mitarbeiter des Monats: Heinz\" style=\"height:150px;width:150px;\"><img decoding=\"async\" src=\"https:\/\/www.fjelfras.de\/wordpress\/wp-content\/uploads\/2026\/04\/Mitarbeiter-des-Monats-Heinz.jpg\" title=\"Mitarbeiter des Monats: Heinz\" style=\"height:150px;width:150px;\"><\/a><\/div><span class=\"title\"><a href=\"https:\/\/www.fjelfras.de\/wordpress\/blog\/brettspiele\/mitarbeiter-des-monats-heinz\/\" target=\"_blank\" rel=\" noopener\">Mitarbeiter des Monats: Heinz<\/a><\/span><div class=\"rss_content\" style=\"\"><small>by <a href=\"\/\/www.fjelfras.de\" target=\"_blank\" title=\"www.fjelfras.de\">Tobias<\/a> on 15. April 2026 at 4:05 <\/small><p>04\u20132026: Heinz (aus Hot Streak) Es gibt mehrere Arten, um bei HOT STREAK \u00fcber das eigentliche Spielerlebnis hinausgehend etwas zu schreiben. So k\u00f6nnte ich dar\u00fcber nachdenken, ob es wirklich so sinnerf\u00fcllend ist, sich \u00fcber Wettsucht lustig zu machen. Die Folgen davon sind schlimm und werden leider immer noch verharmlost. M\u00f6chte ich mich wirklich wie ein \nDer Beitrag Mitarbeiter des Monats: Heinz erschien zuerst auf fjelfras.de.<\/p><\/div><\/li><li  style=\"padding: 15px 0 25px\" class=\"rss_item\"><div class=\"rss_image\" style=\"height:150px;width:150px;\"><a href=\"https:\/\/www.fjelfras.de\/wordpress\/blog\/brettspiele\/postcards-kritisch-gespielt\/\" target=\"_blank\" rel=\" noopener\" title=\"kritisch gespielt: Postcards\" style=\"height:150px;width:150px;\"><img decoding=\"async\" src=\"https:\/\/www.fjelfras.de\/wordpress\/wp-content\/uploads\/2026\/03\/Postcards-Box.jpg\" title=\"kritisch gespielt: Postcards\" style=\"height:150px;width:150px;\"><\/a><\/div><span class=\"title\"><a href=\"https:\/\/www.fjelfras.de\/wordpress\/blog\/brettspiele\/postcards-kritisch-gespielt\/\" target=\"_blank\" rel=\" noopener\">kritisch gespielt: Postcards<\/a><\/span><div class=\"rss_content\" style=\"\"><small>by <a href=\"\/\/www.fjelfras.de\" target=\"_blank\" title=\"www.fjelfras.de\">Tobias<\/a> on 11. April 2026 at 19:59 <\/small><p>Postcards von\u00a0Eric Dubus und Simon Kayne \u2013 erschienen bei\u00a0Elznir Games Im Jahr 2025 bef\u00f6rderte die Deutsche Post rund\u00a096 Millionen Postkarten. Als Vergleich dazu: im Jahr 2017 waren es rund 195 Millionen Postkarten. Das ist einerseits ein enormer R\u00fcckgang, andererseits bin ich aber \u00fcberrascht, dass \u00fcberhaupt noch so viele Postkarten versendet werden. Somit besitzt POSTCARDS also \nDer Beitrag kritisch gespielt: Postcards erschien zuerst auf fjelfras.de.<\/p><\/div><\/li><li  style=\"padding: 15px 0 25px\" class=\"rss_item\"><div class=\"rss_image\" style=\"height:150px;width:150px;\"><a href=\"https:\/\/www.fjelfras.de\/wordpress\/blog\/brettspiele\/april-2026-brettspielkalender\/\" target=\"_blank\" rel=\" noopener\" title=\"April 2026\" style=\"height:150px;width:150px;\"><img decoding=\"async\" src=\"https:\/\/www.fjelfras.de\/wordpress\/wp-content\/uploads\/2025\/12\/Beitragbild-Brettspielkalender-2026.jpg\" title=\"April 2026\" style=\"height:150px;width:150px;\"><\/a><\/div><span class=\"title\"><a href=\"https:\/\/www.fjelfras.de\/wordpress\/blog\/brettspiele\/april-2026-brettspielkalender\/\" target=\"_blank\" rel=\" noopener\">April 2026<\/a><\/span><div class=\"rss_content\" style=\"\"><small>by <a href=\"\/\/www.fjelfras.de\" target=\"_blank\" title=\"www.fjelfras.de\">Tobias<\/a> on 1. April 2026 at 4:04 <\/small><p>Wenn ich mir schon die Arbeit mache, jedes Jahr einen eigenen kleinen Brettspielkalender zu gestalten, dann kann ich diese Arbeit auch teilen. Deswegen nun der April 2026 meines privaten Brettspielkalenders: Das Bild konntet ihr so auch schon in meinem Beitrag zu CAMARGUE von Timo Diegel (erschienen bei\u00a0ABACUSSPIELE) bewundern.\nDer Beitrag April 2026 erschien zuerst auf fjelfras.de.<\/p><\/div><\/li><li  style=\"padding: 15px 0 25px\" class=\"rss_item\"><div class=\"rss_image\" style=\"height:150px;width:150px;\"><a href=\"https:\/\/www.fjelfras.de\/wordpress\/blog\/brettspiele\/rebirth-kritisch-gespielt\/\" target=\"_blank\" rel=\" noopener\" title=\"kritisch gespielt: Rebirth\" style=\"height:150px;width:150px;\"><img decoding=\"async\" src=\"https:\/\/www.fjelfras.de\/wordpress\/wp-content\/uploads\/2026\/03\/Rebirth-Box.jpg\" title=\"kritisch gespielt: Rebirth\" style=\"height:150px;width:150px;\"><\/a><\/div><span class=\"title\"><a href=\"https:\/\/www.fjelfras.de\/wordpress\/blog\/brettspiele\/rebirth-kritisch-gespielt\/\" target=\"_blank\" rel=\" noopener\">kritisch gespielt: Rebirth<\/a><\/span><div class=\"rss_content\" style=\"\"><small>by <a href=\"\/\/www.fjelfras.de\" target=\"_blank\" title=\"www.fjelfras.de\">Tobias<\/a> on 28. March 2026 at 20:20 <\/small><p>Rebirth von\u00a0Reiner Knizia\u00a0\u2013 erschienen bei\u00a0Frosted Games Nimmt man nur den Titel als Grundlage, dann k\u00f6nnte man in Versuchung kommen, REBIRTH in eine thematische Reihe mit IERUSALEM: ANNO DOMINI einzuordnen. Aber nein, diese Wiedergeburt hat nichts mit Jesus und dem nahenden Osterfest gemein. Thema: Vielmehr d\u00fcrfen wir ein weiteres Mal feststellen, dass die Menschheit anscheinend einen \nDer Beitrag kritisch gespielt: Rebirth erschien zuerst auf fjelfras.de.<\/p><\/div><\/li><li  style=\"padding: 15px 0 25px\" class=\"rss_item\"><div class=\"rss_image\" style=\"height:150px;width:150px;\"><a href=\"https:\/\/www.fjelfras.de\/wordpress\/blog\/brettspiele\/cocktails-for-meeples\/folge-39-click-a-cruise\/\" target=\"_blank\" rel=\" noopener\" title=\"CfM039 Click A Cruise\" style=\"height:150px;width:150px;\"><img decoding=\"async\" src=\"https:\/\/www.fjelfras.de\/wordpress\/wp-content\/uploads\/2026\/03\/CfM039-Click_a_Cruise.jpg\" title=\"CfM039 Click A Cruise\" style=\"height:150px;width:150px;\"><\/a><\/div><span class=\"title\"><a href=\"https:\/\/www.fjelfras.de\/wordpress\/blog\/brettspiele\/cocktails-for-meeples\/folge-39-click-a-cruise\/\" target=\"_blank\" rel=\" noopener\">CfM039 Click A Cruise<\/a><\/span><div class=\"rss_content\" style=\"\"><small>by <a href=\"\/\/www.fjelfras.de\" target=\"_blank\" title=\"www.fjelfras.de\">Tobias<\/a> on 26. March 2026 at 5:03 <\/small><p>In Folge 39 schlie\u00dft sich ein Kreis. Nachdem wir vor gut einem Jahr \u00fcber das Projekt \"Click A Tree\" gesprochen haben, besprechen wir nun das gleichnamige Spiel. Au\u00dferdem haben wir uns GALACTIC CRUISE vorgenommen und f\u00fchren ein Interview mit Lookout Spiele \u00fcber deren GreenLine.\nDer Beitrag CfM039 Click A Cruise erschien zuerst auf fjelfras.de.<\/p><\/div><\/li><\/ul> <\/div><style type=\"text\/css\" media=\"all\">.feedzy-rss .rss_item .rss_image{float:left;position:relative;border:none;text-decoration:none;max-width:100%}.feedzy-rss .rss_item .rss_image span{display:inline-block;position:absolute;width:100%;height:100%;background-position:50%;background-size:cover}.feedzy-rss .rss_item .rss_image{margin:.3em 1em 0 0;content-visibility:auto}.feedzy-rss ul{list-style:none}.feedzy-rss ul li{display:inline-block}<\/style><\/li><\/ul><\/div><!-- widgets_on_page --><br \/>\n<\/div>\n<div class=\"two-columns-one last\">\n<p style=\"text-align: right;\"><a class=\"standard-btn grey-btn round-btn bold-btn\" href=\"https:\/\/www.spiel-des-jahres.de\/wp-content\/uploads\/2023\/07\/frankegross2023.jpg\"><span>Highres Portrait<br \/>\n<\/span><\/a><\/p>\n<p style=\"text-align: right;\"><strong>Adress<\/strong><br \/>\nLouise-Dittmar-Str. 58, D-64297 Darmstadt<br \/>\n<strong>E-Mail<\/strong><br \/>\n<a href=\"mailto:blog@fjelfras.de\">blog@fjelfras.de<\/a><\/p>\n<\/div>\n<div class=\"divider\"><\/div>\n","protected":false},"excerpt":{"rendered":"<p>Tobias Franke The father of two saw the light of day in Mainz in 1977, only to make his home in Wiesbaden for the next 25 years just days later. Already as a child he lived out his play instinct: almost always with his friends outside, the remaining hours had to be filled alone, for [&hellip;]<\/p>\n","protected":false},"author":5,"featured_media":0,"parent":9674,"menu_order":0,"comment_status":"closed","ping_status":"closed","template":"page-templates\/full-width.php","meta":{"_uag_custom_page_level_css":"","site-sidebar-layout":"default","site-content-layout":"","ast-site-content-layout":"default","site-content-style":"default","site-sidebar-style":"default","ast-global-header-display":"","ast-banner-title-visibility":"","ast-main-header-display":"","ast-hfb-above-header-display":"","ast-hfb-below-header-display":"","ast-hfb-mobile-header-display":"","site-post-title":"","ast-breadcrumbs-content":"","ast-featured-img":"","footer-sml-layout":"","ast-disable-related-posts":"","theme-transparent-header-meta":"","adv-header-id-meta":"","stick-header-meta":"","header-above-stick-meta":"","header-main-stick-meta":"","header-below-stick-meta":"","astra-migrate-meta-layouts":"default","ast-page-background-enabled":"default","ast-page-background-meta":{"desktop":{"background-color":"var(--ast-global-color-4)","background-image":"","background-repeat":"repeat","background-position":"center center","background-size":"auto","background-attachment":"scroll","background-type":"","background-media":"","overlay-type":"","overlay-color":"","overlay-opacity":"","overlay-gradient":""},"tablet":{"background-color":"","background-image":"","background-repeat":"repeat","background-position":"center center","background-size":"auto","background-attachment":"scroll","background-type":"","background-media":"","overlay-type":"","overlay-color":"","overlay-opacity":"","overlay-gradient":""},"mobile":{"background-color":"","background-image":"","background-repeat":"repeat","background-position":"center center","background-size":"auto","background-attachment":"scroll","background-type":"","background-media":"","overlay-type":"","overlay-color":"","overlay-opacity":"","overlay-gradient":""}},"ast-content-background-meta":{"desktop":{"background-color":"var(--ast-global-color-5)","background-image":"","background-repeat":"repeat","background-position":"center center","background-size":"auto","background-attachment":"scroll","background-type":"","background-media":"","overlay-type":"","overlay-color":"","overlay-opacity":"","overlay-gradient":""},"tablet":{"background-color":"var(--ast-global-color-5)","background-image":"","background-repeat":"repeat","background-position":"center center","background-size":"auto","background-attachment":"scroll","background-type":"","background-media":"","overlay-type":"","overlay-color":"","overlay-opacity":"","overlay-gradient":""},"mobile":{"background-color":"var(--ast-global-color-5)","background-image":"","background-repeat":"repeat","background-position":"center center","background-size":"auto","background-attachment":"scroll","background-type":"","background-media":"","overlay-type":"","overlay-color":"","overlay-opacity":"","overlay-gradient":""}},"_vp_format_video_url":"","_vp_image_focal_point":[],"footnotes":"","_links_to":"","_links_to_target":""},"categories":[],"class_list":["post-24896","page","type-page","status-publish","hentry"],"yoast_head":"<!-- This site is optimized with the Yoast SEO plugin v27.4 - https:\/\/yoast.com\/product\/yoast-seo-wordpress\/ -->\n<title>Tobias Franke<\/title>\n<meta name=\"robots\" content=\"index, follow, max-snippet:-1, max-image-preview:large, max-video-preview:-1\" \/>\n<link rel=\"canonical\" href=\"https:\/\/www.spiel-des-jahres.de\/en\/the-jury\/tobias-franke\/\" \/>\n<meta property=\"og:locale\" content=\"en_US\" \/>\n<meta property=\"og:type\" content=\"article\" \/>\n<meta property=\"og:title\" content=\"Tobias Franke\" \/>\n<meta property=\"og:description\" content=\"Tobias Franke The father of two saw the light of day in Mainz in 1977, only to make his home in Wiesbaden for the next 25 years just days later. Already as a child he lived out his play instinct: almost always with his friends outside, the remaining hours had to be filled alone, for [&hellip;]\" \/>\n<meta property=\"og:url\" content=\"https:\/\/www.spiel-des-jahres.de\/en\/the-jury\/tobias-franke\/\" \/>\n<meta property=\"og:site_name\" content=\"Spiel des Jahres\" \/>\n<meta property=\"article:publisher\" content=\"https:\/\/www.facebook.com\/spieldesjahres\/\" \/>\n<meta property=\"article:modified_time\" content=\"2023-08-01T11:26:27+00:00\" \/>\n<meta property=\"og:image\" content=\"https:\/\/www.spiel-des-jahres.de\/wp-content\/uploads\/2023\/07\/frankepv2023.jpg\" \/>\n<meta name=\"twitter:card\" content=\"summary_large_image\" \/>\n<meta name=\"twitter:site\" content=\"@SpieldesJahres\" \/>\n<meta name=\"twitter:label1\" content=\"Est. reading time\" \/>\n\t<meta name=\"twitter:data1\" content=\"1 minute\" \/>\n<script type=\"application\/ld+json\" class=\"yoast-schema-graph\">{\"@context\":\"https:\\\/\\\/schema.org\",\"@graph\":[{\"@type\":\"WebPage\",\"@id\":\"https:\\\/\\\/www.spiel-des-jahres.de\\\/en\\\/the-jury\\\/tobias-franke\\\/\",\"url\":\"https:\\\/\\\/www.spiel-des-jahres.de\\\/en\\\/the-jury\\\/tobias-franke\\\/\",\"name\":\"Tobias Franke\",\"isPartOf\":{\"@id\":\"https:\\\/\\\/www.spiel-des-jahres.de\\\/en\\\/#website\"},\"primaryImageOfPage\":{\"@id\":\"https:\\\/\\\/www.spiel-des-jahres.de\\\/en\\\/the-jury\\\/tobias-franke\\\/#primaryimage\"},\"image\":{\"@id\":\"https:\\\/\\\/www.spiel-des-jahres.de\\\/en\\\/the-jury\\\/tobias-franke\\\/#primaryimage\"},\"thumbnailUrl\":\"https:\\\/\\\/www.spiel-des-jahres.de\\\/wp-content\\\/uploads\\\/2023\\\/07\\\/frankepv2023.jpg\",\"datePublished\":\"2023-08-01T08:44:34+00:00\",\"dateModified\":\"2023-08-01T11:26:27+00:00\",\"breadcrumb\":{\"@id\":\"https:\\\/\\\/www.spiel-des-jahres.de\\\/en\\\/the-jury\\\/tobias-franke\\\/#breadcrumb\"},\"inLanguage\":\"en-US\",\"potentialAction\":[{\"@type\":\"ReadAction\",\"target\":[\"https:\\\/\\\/www.spiel-des-jahres.de\\\/en\\\/the-jury\\\/tobias-franke\\\/\"]}]},{\"@type\":\"ImageObject\",\"inLanguage\":\"en-US\",\"@id\":\"https:\\\/\\\/www.spiel-des-jahres.de\\\/en\\\/the-jury\\\/tobias-franke\\\/#primaryimage\",\"url\":\"https:\\\/\\\/www.spiel-des-jahres.de\\\/wp-content\\\/uploads\\\/2023\\\/07\\\/frankepv2023.jpg\",\"contentUrl\":\"https:\\\/\\\/www.spiel-des-jahres.de\\\/wp-content\\\/uploads\\\/2023\\\/07\\\/frankepv2023.jpg\"},{\"@type\":\"BreadcrumbList\",\"@id\":\"https:\\\/\\\/www.spiel-des-jahres.de\\\/en\\\/the-jury\\\/tobias-franke\\\/#breadcrumb\",\"itemListElement\":[{\"@type\":\"ListItem\",\"position\":1,\"name\":\"Startseite\",\"item\":\"https:\\\/\\\/www.spiel-des-jahres.de\\\/en\\\/spiel-des-jahres-kinderspiel-des-jahres-kennerspiel-des-jahres\\\/\"},{\"@type\":\"ListItem\",\"position\":2,\"name\":\"The jury\",\"item\":\"https:\\\/\\\/www.spiel-des-jahres.de\\\/en\\\/the-jury\\\/\"},{\"@type\":\"ListItem\",\"position\":3,\"name\":\"Tobias Franke\"}]},{\"@type\":\"WebSite\",\"@id\":\"https:\\\/\\\/www.spiel-des-jahres.de\\\/en\\\/#website\",\"url\":\"https:\\\/\\\/www.spiel-des-jahres.de\\\/en\\\/\",\"name\":\"Spiel des Jahres\",\"description\":\"\",\"publisher\":{\"@id\":\"https:\\\/\\\/www.spiel-des-jahres.de\\\/en\\\/#organization\"},\"potentialAction\":[{\"@type\":\"SearchAction\",\"target\":{\"@type\":\"EntryPoint\",\"urlTemplate\":\"https:\\\/\\\/www.spiel-des-jahres.de\\\/en\\\/?s={search_term_string}\"},\"query-input\":{\"@type\":\"PropertyValueSpecification\",\"valueRequired\":true,\"valueName\":\"search_term_string\"}}],\"inLanguage\":\"en-US\"},{\"@type\":\"Organization\",\"@id\":\"https:\\\/\\\/www.spiel-des-jahres.de\\\/en\\\/#organization\",\"name\":\"Spiel des Jahres e.V.\",\"alternateName\":\"Jury Spiel des Jahres\",\"url\":\"https:\\\/\\\/www.spiel-des-jahres.de\\\/en\\\/\",\"logo\":{\"@type\":\"ImageObject\",\"inLanguage\":\"en-US\",\"@id\":\"https:\\\/\\\/www.spiel-des-jahres.de\\\/en\\\/#\\\/schema\\\/logo\\\/image\\\/\",\"url\":\"https:\\\/\\\/www.spiel-des-jahres.de\\\/wp-content\\\/uploads\\\/2024\\\/06\\\/dreierlogoRGB_quadrat_mittelklein.png\",\"contentUrl\":\"https:\\\/\\\/www.spiel-des-jahres.de\\\/wp-content\\\/uploads\\\/2024\\\/06\\\/dreierlogoRGB_quadrat_mittelklein.png\",\"width\":696,\"height\":696,\"caption\":\"Spiel des Jahres e.V.\"},\"image\":{\"@id\":\"https:\\\/\\\/www.spiel-des-jahres.de\\\/en\\\/#\\\/schema\\\/logo\\\/image\\\/\"},\"sameAs\":[\"https:\\\/\\\/www.facebook.com\\\/spieldesjahres\\\/\",\"https:\\\/\\\/x.com\\\/SpieldesJahres\",\"https:\\\/\\\/www.instagram.com\\\/spieldesjahres_official\\\/\",\"https:\\\/\\\/www.youtube.com\\\/@spieldesjahres\",\"https:\\\/\\\/de.wikipedia.org\\\/wiki\\\/Spiel_des_Jahres\",\"https:\\\/\\\/bsky.app\\\/profile\\\/spiel-des-jahres.de\"]}]}<\/script>\n<!-- \/ Yoast SEO plugin. -->","yoast_head_json":{"title":"Tobias Franke","robots":{"index":"index","follow":"follow","max-snippet":"max-snippet:-1","max-image-preview":"max-image-preview:large","max-video-preview":"max-video-preview:-1"},"canonical":"https:\/\/www.spiel-des-jahres.de\/en\/the-jury\/tobias-franke\/","og_locale":"en_US","og_type":"article","og_title":"Tobias Franke","og_description":"Tobias Franke The father of two saw the light of day in Mainz in 1977, only to make his home in Wiesbaden for the next 25 years just days later. Already as a child he lived out his play instinct: almost always with his friends outside, the remaining hours had to be filled alone, for [&hellip;]","og_url":"https:\/\/www.spiel-des-jahres.de\/en\/the-jury\/tobias-franke\/","og_site_name":"Spiel des Jahres","article_publisher":"https:\/\/www.facebook.com\/spieldesjahres\/","article_modified_time":"2023-08-01T11:26:27+00:00","og_image":[{"url":"https:\/\/www.spiel-des-jahres.de\/wp-content\/uploads\/2023\/07\/frankepv2023.jpg","type":"","width":"","height":""}],"twitter_card":"summary_large_image","twitter_site":"@SpieldesJahres","twitter_misc":{"Est. reading time":"1 minute"},"schema":{"@context":"https:\/\/schema.org","@graph":[{"@type":"WebPage","@id":"https:\/\/www.spiel-des-jahres.de\/en\/the-jury\/tobias-franke\/","url":"https:\/\/www.spiel-des-jahres.de\/en\/the-jury\/tobias-franke\/","name":"Tobias Franke","isPartOf":{"@id":"https:\/\/www.spiel-des-jahres.de\/en\/#website"},"primaryImageOfPage":{"@id":"https:\/\/www.spiel-des-jahres.de\/en\/the-jury\/tobias-franke\/#primaryimage"},"image":{"@id":"https:\/\/www.spiel-des-jahres.de\/en\/the-jury\/tobias-franke\/#primaryimage"},"thumbnailUrl":"https:\/\/www.spiel-des-jahres.de\/wp-content\/uploads\/2023\/07\/frankepv2023.jpg","datePublished":"2023-08-01T08:44:34+00:00","dateModified":"2023-08-01T11:26:27+00:00","breadcrumb":{"@id":"https:\/\/www.spiel-des-jahres.de\/en\/the-jury\/tobias-franke\/#breadcrumb"},"inLanguage":"en-US","potentialAction":[{"@type":"ReadAction","target":["https:\/\/www.spiel-des-jahres.de\/en\/the-jury\/tobias-franke\/"]}]},{"@type":"ImageObject","inLanguage":"en-US","@id":"https:\/\/www.spiel-des-jahres.de\/en\/the-jury\/tobias-franke\/#primaryimage","url":"https:\/\/www.spiel-des-jahres.de\/wp-content\/uploads\/2023\/07\/frankepv2023.jpg","contentUrl":"https:\/\/www.spiel-des-jahres.de\/wp-content\/uploads\/2023\/07\/frankepv2023.jpg"},{"@type":"BreadcrumbList","@id":"https:\/\/www.spiel-des-jahres.de\/en\/the-jury\/tobias-franke\/#breadcrumb","itemListElement":[{"@type":"ListItem","position":1,"name":"Startseite","item":"https:\/\/www.spiel-des-jahres.de\/en\/spiel-des-jahres-kinderspiel-des-jahres-kennerspiel-des-jahres\/"},{"@type":"ListItem","position":2,"name":"The jury","item":"https:\/\/www.spiel-des-jahres.de\/en\/the-jury\/"},{"@type":"ListItem","position":3,"name":"Tobias Franke"}]},{"@type":"WebSite","@id":"https:\/\/www.spiel-des-jahres.de\/en\/#website","url":"https:\/\/www.spiel-des-jahres.de\/en\/","name":"Spiel des Jahres","description":"","publisher":{"@id":"https:\/\/www.spiel-des-jahres.de\/en\/#organization"},"potentialAction":[{"@type":"SearchAction","target":{"@type":"EntryPoint","urlTemplate":"https:\/\/www.spiel-des-jahres.de\/en\/?s={search_term_string}"},"query-input":{"@type":"PropertyValueSpecification","valueRequired":true,"valueName":"search_term_string"}}],"inLanguage":"en-US"},{"@type":"Organization","@id":"https:\/\/www.spiel-des-jahres.de\/en\/#organization","name":"Spiel des Jahres e.V.","alternateName":"Jury Spiel des Jahres","url":"https:\/\/www.spiel-des-jahres.de\/en\/","logo":{"@type":"ImageObject","inLanguage":"en-US","@id":"https:\/\/www.spiel-des-jahres.de\/en\/#\/schema\/logo\/image\/","url":"https:\/\/www.spiel-des-jahres.de\/wp-content\/uploads\/2024\/06\/dreierlogoRGB_quadrat_mittelklein.png","contentUrl":"https:\/\/www.spiel-des-jahres.de\/wp-content\/uploads\/2024\/06\/dreierlogoRGB_quadrat_mittelklein.png","width":696,"height":696,"caption":"Spiel des Jahres e.V."},"image":{"@id":"https:\/\/www.spiel-des-jahres.de\/en\/#\/schema\/logo\/image\/"},"sameAs":["https:\/\/www.facebook.com\/spieldesjahres\/","https:\/\/x.com\/SpieldesJahres","https:\/\/www.instagram.com\/spieldesjahres_official\/","https:\/\/www.youtube.com\/@spieldesjahres","https:\/\/de.wikipedia.org\/wiki\/Spiel_des_Jahres","https:\/\/bsky.app\/profile\/spiel-des-jahres.de"]}]}},"spectra_custom_meta":{"_wpml_media_duplicate":["1"],"_wpml_media_featured":["1"],"_top_nav_excluded":[""],"_cms_nav_minihome":[""],"_wp_page_template":["page-templates\/full-width.php"],"_last_translation_edit_mode":["translation-editor"],"_uag_page_assets":["a:9:{s:3:\"css\";s:0:\"\";s:2:\"js\";s:0:\"\";s:18:\"current_block_list\";a:5:{i:0;s:10:\"core\/image\";i:1;s:10:\"core\/cover\";i:2;s:14:\"core\/paragraph\";i:3;s:29:\"feedzy-rss-feeds\/feedzy-block\";i:4;s:14:\"core\/shortcode\";}s:8:\"uag_flag\";b:0;s:11:\"uag_version\";s:10:\"1776253160\";s:6:\"gfonts\";a:0:{}s:10:\"gfonts_url\";s:0:\"\";s:12:\"gfonts_files\";a:0:{}s:14:\"uag_faq_layout\";b:0;}"]},"uagb_featured_image_src":{"full":false,"thumbnail":false,"medium":false,"medium_large":false,"large":false,"1536x1536":false,"2048x2048":false,"vp_sm":false,"vp_md":false,"vp_lg":false,"vp_xl":false,"vp_sm_popup":false,"vp_md_popup":false,"vp_xl_popup":false},"uagb_author_info":{"display_name":"Redaktion","author_link":"#"},"uagb_comment_info":0,"uagb_excerpt":"Tobias Franke The father of two saw the light of day in Mainz in 1977, only to make his home in Wiesbaden for the next 25 years just days later. Already as a child he lived out his play instinct: almost always with his friends outside, the remaining hours had to be filled alone, for&hellip;","_links":{"self":[{"href":"https:\/\/www.spiel-des-jahres.de\/en\/wp-json\/wp\/v2\/pages\/24896","targetHints":{"allow":["GET"]}}],"collection":[{"href":"https:\/\/www.spiel-des-jahres.de\/en\/wp-json\/wp\/v2\/pages"}],"about":[{"href":"https:\/\/www.spiel-des-jahres.de\/en\/wp-json\/wp\/v2\/types\/page"}],"author":[{"embeddable":true,"href":"https:\/\/www.spiel-des-jahres.de\/en\/wp-json\/wp\/v2\/users\/5"}],"replies":[{"embeddable":true,"href":"https:\/\/www.spiel-des-jahres.de\/en\/wp-json\/wp\/v2\/comments?post=24896"}],"version-history":[{"count":1,"href":"https:\/\/www.spiel-des-jahres.de\/en\/wp-json\/wp\/v2\/pages\/24896\/revisions"}],"predecessor-version":[{"id":24925,"href":"https:\/\/www.spiel-des-jahres.de\/en\/wp-json\/wp\/v2\/pages\/24896\/revisions\/24925"}],"up":[{"embeddable":true,"href":"https:\/\/www.spiel-des-jahres.de\/en\/wp-json\/wp\/v2\/pages\/9674"}],"wp:attachment":[{"href":"https:\/\/www.spiel-des-jahres.de\/en\/wp-json\/wp\/v2\/media?parent=24896"}],"wp:term":[{"taxonomy":"category","embeddable":true,"href":"https:\/\/www.spiel-des-jahres.de\/en\/wp-json\/wp\/v2\/categories?post=24896"}],"curies":[{"name":"wp","href":"https:\/\/api.w.org\/{rel}","templated":true}]}}